{"id":566,"date":"2024-07-02T15:36:08","date_gmt":"2024-07-02T06:36:08","guid":{"rendered":"https:\/\/www.denzai-net.jp\/blog\/?page_id=566"},"modified":"2024-07-12T11:53:36","modified_gmt":"2024-07-12T02:53:36","slug":"campaign-tomo-form","status":"publish","type":"page","link":"https:\/\/www.denzai-net.jp\/blog\/campaign-tomodachi\/campaign-tomo-form\/","title":{"rendered":"\u304a\u53cb\u9054\u3092\u7d39\u4ecb\u3059\u308b"},"content":{"rendered":"\n<div class=\"wp-block-group is-layout-constrained wp-block-group-is-layout-constrained\">\n<p class=\"has-text-align-left has-black-color has-luminous-vivid-amber-background-color has-text-color has-background has-link-color has-large-font-size wp-elements-96dd667eecd730bc3fe72f0ca7b8e0e5\" style=\"padding-top:var(--wp--preset--spacing--30);padding-right:var(--wp--preset--spacing--30);padding-bottom:var(--wp--preset--spacing--30);padding-left:var(--wp--preset--spacing--30)\"><strong>\u304a\u53cb\u9054\u306e\u3054\u7d39\u4ecb\u624b\u9806<\/strong><\/p>\n\n\n\n<p class=\"has-text-align-left vk_block-margin-0--margin-bottom has-regular-font-size\"><strong>\uff11.<\/strong>\u4ee5\u4e0b\u306e\u30d5\u30a9\u30fc\u30e0\u306b\u3001\u3042\u306a\u305f\u306e\u304a\u540d\u524d\u3068\u30e1\u30fc\u30eb\u30a2\u30c9\u30ec\u30b9\u3092\u5165\u529b\u6b04\u3078\u5165\u529b\u3057\u3066\u304f\u3060\u3055\u3044\u3002<\/p>\n\n\n\n<p class=\"has-text-align-left vk_block-margin-0--margin-bottom has-regular-font-size\"><strong>\uff12.<\/strong>\u6b21\u306b\u3001\u3010\u7d39\u4ecb\u5148\uff08\u304a\u53cb\u9054\u30fb\u304a\u77e5\u308a\u5408\u3044\uff09\u3011\u306e\u65b9\u306e\u304a\u540d\u524d\u3068\u30e1\u30fc\u30eb\u30a2\u30c9\u30ec\u30b9\u3092\u5165\u529b\u6b04\u3078\u5165\u529b\u3057\u3066\u304f\u3060\u3055\u3044\u3002<\/p>\n\n\n\n<p class=\"has-text-align-left vk_block-margin-0--margin-bottom has-regular-font-size\"><strong>\uff13.<\/strong>\u5165\u529b\u304c\u5b8c\u4e86\u3057\u3001\u5165\u529b\u5185\u5bb9\u306b\u304a\u9593\u9055\u3048\u304c\u306a\u3044\u304b\u78ba\u8a8d\u5f8c\u3001\u25a1\u6b04\u306b\u30c1\u30a7\u30c3\u30af\u3092\u5165\u308c\u3066\u3010\u9001\u4fe1\u3011\u30dc\u30bf\u30f3\u3092\u30af\u30ea\u30c3\u30af\u3057\u3066\u304f\u3060\u3055\u3044\u3002<\/p>\n<\/div>\n\n\n\n<div class=\"wp-block-vk-blocks-spacer vk_spacer vk_spacer-type-margin-top\"><div class=\"vk_block-margin-sm--margin-top\"><\/div><\/div>\n\n\n\n<h4 class=\"wp-block-heading\">\u304a\u53cb\u9054\u7d39\u4ecb\u30ad\u30e3\u30f3\u30da\u30fc\u30f3\u304a\u7533\u3057\u8fbc\u307f\u30d5\u30a9\u30fc\u30e0<\/h4>\n\n\n\n<div class=\"wp-block-contact-form-7-contact-form-selector\">\n<div class=\"wpcf7 no-js\" id=\"wpcf7-f565-o1\" lang=\"ja\" dir=\"ltr\" data-wpcf7-id=\"565\">\n<div class=\"screen-reader-response\"><p role=\"status\" aria-live=\"polite\" aria-atomic=\"true\"><\/p> <ul><\/ul><\/div>\n<form action=\"\/blog\/wp-json\/wp\/v2\/pages\/566#wpcf7-f565-o1\" method=\"post\" class=\"wpcf7-form init\" aria-label=\"\u30b3\u30f3\u30bf\u30af\u30c8\u30d5\u30a9\u30fc\u30e0\" novalidate=\"novalidate\" data-status=\"init\">\n<fieldset class=\"hidden-fields-container\"><input type=\"hidden\" name=\"_wpcf7\" value=\"565\" \/><input type=\"hidden\" name=\"_wpcf7_version\" value=\"6.1.5\" \/><input type=\"hidden\" name=\"_wpcf7_locale\" value=\"ja\" \/><input type=\"hidden\" name=\"_wpcf7_unit_tag\" value=\"wpcf7-f565-o1\" \/><input type=\"hidden\" name=\"_wpcf7_container_post\" value=\"0\" \/><input type=\"hidden\" name=\"_wpcf7_posted_data_hash\" value=\"\" \/><input type=\"hidden\" name=\"_wpcf7_recaptcha_response\" value=\"\" \/>\n<\/fieldset>\n<table class=\"CF7_table\" style=\"margin-bottom:30px\">\n\t<tr>\n\t\t<th>\n\t\t\t<p><span class=\"CF7_req\">\u5fc5\u9808<\/span> \u3042\u306a\u305f\u306e\u304a\u540d\u524d\n\t\t\t<\/p>\n\t\t<\/th>\n\t\t<td>\n\t\t\t<p><span class=\"wpcf7-form-control-wrap\" data-name=\"your-name\"><input size=\"40\" maxlength=\"400\" class=\"wpcf7-form-control wpcf7-text wpcf7-validates-as-required\" aria-required=\"true\" aria-invalid=\"false\" placeholder=\"\u4f8b\uff1a\u3042\u306a\u305f\u306e\u304a\u540d\u524d\" value=\"\" type=\"text\" name=\"your-name\" \/><\/span>\n\t\t\t<\/p>\n\t\t<\/td>\n\t<\/tr>\n\t<tr>\n\t\t<th>\n\t\t\t<p><span class=\"CF7_req\">\u5fc5\u9808<\/span> \u3042\u306a\u305f\u306e\u30e1\u30fc\u30eb\u30a2\u30c9\u30ec\u30b9\n\t\t\t<\/p>\n\t\t<\/th>\n\t\t<td>\n\t\t\t<p><span class=\"wpcf7-form-control-wrap\" data-name=\"your-email\"><input size=\"40\" maxlength=\"400\" class=\"wpcf7-form-control wpcf7-email wpcf7-validates-as-required wpcf7-text wpcf7-validates-as-email\" aria-required=\"true\" aria-invalid=\"false\" placeholder=\"\u4f8b\uff1a\u00d7\u00d7\u00d7@\u00d7\u00d7\u00d7.com\" value=\"\" type=\"email\" name=\"your-email\" \/><\/span>\n\t\t\t<\/p>\n\t\t<\/td>\n\t<\/tr>\n<\/table>\n<table class=\"CF7_table\" style=\"margin-bottom:30px\">\n\t<tr>\n\t\t<th>\n\t\t\t<p><span class=\"CF7_req\">\u5fc5\u9808<\/span> \u304a\u53cb\u9054:\u304a\u540d\u524d\n\t\t\t<\/p>\n\t\t<\/th>\n\t\t<td>\n\t\t\t<p><span class=\"wpcf7-form-control-wrap\" data-name=\"your-name-1\"><input size=\"40\" maxlength=\"400\" class=\"wpcf7-form-control wpcf7-text wpcf7-validates-as-required\" aria-required=\"true\" aria-invalid=\"false\" placeholder=\"\u4f8b\uff1a\u7d39\u4ecb\u3059\u308b\u304a\u53cb\u9054\u306e\u304a\u540d\u524d\" value=\"\" type=\"text\" name=\"your-name-1\" \/><\/span>\n\t\t\t<\/p>\n\t\t<\/td>\n\t<\/tr>\n\t<tr>\n\t\t<th>\n\t\t\t<p><span class=\"CF7_req\">\u5fc5\u9808<\/span> \u304a\u53cb\u9054:\u30e1\u30fc\u30eb\u30a2\u30c9\u30ec\u30b9\n\t\t\t<\/p>\n\t\t<\/th>\n\t\t<td>\n\t\t\t<p><span class=\"wpcf7-form-control-wrap\" data-name=\"your-email-1\"><input size=\"40\" maxlength=\"400\" class=\"wpcf7-form-control wpcf7-email wpcf7-validates-as-required wpcf7-text wpcf7-validates-as-email\" aria-required=\"true\" aria-invalid=\"false\" placeholder=\"\u4f8b\uff1a\u00d7\u00d7\u00d7@\u00d7\u00d7\u00d7.com\" value=\"\" type=\"email\" name=\"your-email-1\" \/><\/span>\n\t\t\t<\/p>\n\t\t<\/td>\n\t<\/tr>\n<\/table>\n<p><span class=\"wpcf7-form-control-wrap\" data-name=\"acceptance-562\"><span class=\"wpcf7-form-control wpcf7-acceptance\"><span class=\"wpcf7-list-item\"><label><input type=\"checkbox\" name=\"acceptance-562\" value=\"1\" aria-invalid=\"false\" \/><span class=\"wpcf7-list-item-label\">\u3054\u5165\u529b\u5185\u5bb9\u306b\u304a\u9593\u9055\u3048\u304c\u306a\u3044\u304b\u518d\u5ea6\u3054\u78ba\u8a8d\u306e\u4e0a\u3001\u9001\u4fe1\u30dc\u30bf\u30f3\u3092\u62bc\u3057\u3066\u304f\u3060\u3055\u3044<\/span><\/label><\/span><\/span><\/span>\n<\/p>\n<p><input class=\"wpcf7-form-control wpcf7-submit has-spinner\" type=\"submit\" value=\"\u9001\u4fe1\" \/>\n<\/p><div class=\"wpcf7-response-output\" aria-hidden=\"true\"><\/div>\n<\/form>\n<\/div>\n<\/div>\n","protected":false},"excerpt":{"rendered":"<p>\u304a\u53cb\u9054\u306e\u3054\u7d39\u4ecb\u624b\u9806 \uff11.\u4ee5\u4e0b\u306e\u30d5\u30a9\u30fc\u30e0\u306b\u3001\u3042\u306a\u305f\u306e\u304a\u540d\u524d\u3068\u30e1\u30fc\u30eb\u30a2\u30c9\u30ec\u30b9\u3092\u5165\u529b\u6b04\u3078\u5165\u529b\u3057\u3066\u304f\u3060\u3055\u3044\u3002 \uff12.\u6b21\u306b\u3001\u3010\u7d39\u4ecb\u5148\uff08\u304a\u53cb\u9054\u30fb\u304a\u77e5\u308a\u5408\u3044\uff09\u3011\u306e\u65b9\u306e\u304a\u540d\u524d\u3068\u30e1\u30fc\u30eb\u30a2\u30c9\u30ec\u30b9\u3092\u5165\u529b\u6b04\u3078\u5165\u529b\u3057\u3066\u304f\u3060\u3055\u3044\u3002 \uff13.\u5165\u529b\u304c\u5b8c\u4e86\u3057\u3001 [&hellip;]<\/p>\n","protected":false},"author":5,"featured_media":0,"parent":494,"menu_order":5,"comment_status":"closed","ping_status":"closed","template":"","meta":{"_editorskit_title_hidden":false,"_editorskit_reading_time":0,"_editorskit_is_block_options_detached":false,"_editorskit_block_options_position":"{}","vk-ltc-link":"","vk-ltc-target":"0","vkexunit_cta_each_option":"","footnotes":""},"class_list":["post-566","page","type-page","status-publish","hentry"],"publishpress_future_workflow_manual_trigger":{"enabledWorkflows":[]},"_links":{"self":[{"href":"https:\/\/www.denzai-net.jp\/blog\/wp-json\/wp\/v2\/pages\/566","targetHints":{"allow":["GET"]}}],"collection":[{"href":"https:\/\/www.denzai-net.jp\/blog\/wp-json\/wp\/v2\/pages"}],"about":[{"href":"https:\/\/www.denzai-net.jp\/blog\/wp-json\/wp\/v2\/types\/page"}],"author":[{"embeddable":true,"href":"https:\/\/www.denzai-net.jp\/blog\/wp-json\/wp\/v2\/users\/5"}],"replies":[{"embeddable":true,"href":"https:\/\/www.denzai-net.jp\/blog\/wp-json\/wp\/v2\/comments?post=566"}],"version-history":[{"count":17,"href":"https:\/\/www.denzai-net.jp\/blog\/wp-json\/wp\/v2\/pages\/566\/revisions"}],"predecessor-version":[{"id":746,"href":"https:\/\/www.denzai-net.jp\/blog\/wp-json\/wp\/v2\/pages\/566\/revisions\/746"}],"up":[{"embeddable":true,"href":"https:\/\/www.denzai-net.jp\/blog\/wp-json\/wp\/v2\/pages\/494"}],"wp:attachment":[{"href":"https:\/\/www.denzai-net.jp\/blog\/wp-json\/wp\/v2\/media?parent=566"}],"curies":[{"name":"wp","href":"https:\/\/api.w.org\/{rel}","templated":true}]}}